{"id":9,"date":"2016-07-21T21:46:00","date_gmt":"2016-07-21T21:46:00","guid":{"rendered":"http:\/\/diegochemes.com.ar\/w\/?page_id=9"},"modified":"2023-06-14T22:54:53","modified_gmt":"2023-06-14T22:54:53","slug":"contact","status":"publish","type":"page","link":"https:\/\/diegochemes.com.ar\/w\/contact\/","title":{"rendered":"Contacto"},"content":{"rendered":"\t\t<div data-elementor-type=\"wp-page\" data-elementor-id=\"9\" class=\"elementor elementor-9\">\n\t\t\t\t\t\t<section class=\"elementor-section elementor-top-section elementor-element elementor-element-381045ae elementor-section-height-full elementor-section-items-top elementor-section-boxed elementor-section-height-default\" data-id=\"381045ae\" data-element_type=\"section\">\n\t\t\t\t\t\t<div class=\"elementor-container elementor-column-gap-default\">\n\t\t\t\t\t<div class=\"elementor-column elementor-col-100 elementor-top-column elementor-element elementor-element-453757a5\" data-id=\"453757a5\" data-element_type=\"column\">\n\t\t\t<div class=\"elementor-widget-wrap elementor-element-populated\">\n\t\t\t\t\t\t<div class=\"elementor-element elementor-element-0b7c964 premium-cf7-button-fwidth-yes elementor-widget elementor-widget-premium-contact-form\" data-id=\"0b7c964\" data-element_type=\"widget\" data-widget_type=\"premium-contact-form.default\">\n\t\t\t\t<div class=\"elementor-widget-container\">\n\t\t\t\t\t\n\t\t\t\n\t\t\t<div class=\"premium-cf7-container\">\n\t\t\t\t\n<div class=\"wpcf7 no-js\" id=\"wpcf7-f1558-o1\" lang=\"es-ES\" dir=\"ltr\" data-wpcf7-id=\"1558\">\n<div class=\"screen-reader-response\"><p role=\"status\" aria-live=\"polite\" aria-atomic=\"true\"><\/p> <ul><\/ul><\/div>\n<form action=\"\/w\/wp-json\/wp\/v2\/pages\/9#wpcf7-f1558-o1\" method=\"post\" class=\"wpcf7-form init\" aria-label=\"Formulario de contacto\" novalidate=\"novalidate\" data-status=\"init\">\n<fieldset class=\"hidden-fields-container\"><input type=\"hidden\" name=\"_wpcf7\" value=\"1558\" \/><input type=\"hidden\" name=\"_wpcf7_version\" value=\"6.1.5\" \/><input type=\"hidden\" name=\"_wpcf7_locale\" value=\"es_ES\" \/><input type=\"hidden\" name=\"_wpcf7_unit_tag\" value=\"wpcf7-f1558-o1\" \/><input type=\"hidden\" name=\"_wpcf7_container_post\" value=\"0\" \/><input type=\"hidden\" name=\"_wpcf7_posted_data_hash\" value=\"\" \/>\n<\/fieldset>\n<p><label> Nombre (requerido)<br \/>\n<span class=\"wpcf7-form-control-wrap\" data-name=\"your-name\"><input size=\"40\" maxlength=\"400\" class=\"wpcf7-form-control wpcf7-text wpcf7-validates-as-required\" aria-required=\"true\" aria-invalid=\"false\" value=\"\" type=\"text\" name=\"your-name\" \/><\/span> <\/label>\n<\/p>\n<p><label> Tu correo electr\u00f3nico (requerido)<br \/>\n<span class=\"wpcf7-form-control-wrap\" data-name=\"your-email\"><input size=\"40\" maxlength=\"400\" class=\"wpcf7-form-control wpcf7-email wpcf7-validates-as-required wpcf7-text wpcf7-validates-as-email\" aria-required=\"true\" aria-invalid=\"false\" value=\"\" type=\"email\" name=\"your-email\" \/><\/span> <\/label>\n<\/p>\n<p><label> Asunto<br \/>\n<span class=\"wpcf7-form-control-wrap\" data-name=\"your-subject\"><input size=\"40\" maxlength=\"400\" class=\"wpcf7-form-control wpcf7-text\" aria-invalid=\"false\" value=\"\" type=\"text\" name=\"your-subject\" \/><\/span> <\/label>\n<\/p>\n<p><label> Mensaje<br \/>\n<span class=\"wpcf7-form-control-wrap\" data-name=\"your-message\"><textarea cols=\"40\" rows=\"10\" maxlength=\"2000\" class=\"wpcf7-form-control wpcf7-textarea\" aria-invalid=\"false\" name=\"your-message\"><\/textarea><\/span> <\/label>\n<\/p>\n<p><input class=\"wpcf7-form-control wpcf7-submit has-spinner\" type=\"submit\" value=\"Enviar\" \/>\n<\/p><p style=\"display: none !important;\" class=\"akismet-fields-container\" data-prefix=\"_wpcf7_ak_\"><label>&#916;<textarea name=\"_wpcf7_ak_hp_textarea\" cols=\"45\" rows=\"8\" maxlength=\"100\"><\/textarea><\/label><input type=\"hidden\" id=\"ak_js_1\" name=\"_wpcf7_ak_js\" value=\"191\"\/><script type=\"text\/javascript\">\n\/* <![CDATA[ *\/\ndocument.getElementById( \"ak_js_1\" ).setAttribute( \"value\", ( new Date() ).getTime() );\n\/* ]]> *\/\n<\/script>\n<\/p><div class=\"wpcf7-response-output\" aria-hidden=\"true\"><\/div>\n<\/form>\n<\/div>\n\t\t\t<\/div>\n\n\t\t\t\t\t\t\t<\/div>\n\t\t\t\t<\/div>\n\t\t\t\t<div class=\"elementor-element elementor-element-f07353f elementor-widget elementor-widget-text-editor\" data-id=\"f07353f\" data-element_type=\"widget\" data-widget_type=\"text-editor.default\">\n\t\t\t\t<div class=\"elementor-widget-container\">\n\t\t\t\t\t\t\t\t\t<p style=\"text-align: center;\">diegochemes@gmail.com<br \/>(0054) 11 6460 7997<\/p>\t\t\t\t\t\t\t\t<\/div>\n\t\t\t\t<\/div>\n\t\t\t\t\t<\/div>\n\t\t<\/div>\n\t\t\t\t\t<\/div>\n\t\t<\/section>\n\t\t\t\t<\/div>\n\t\t","protected":false},"excerpt":{"rendered":"<p>Nombre (requerido) Tu correo electr\u00f3nico (requerido) Asunto Mensaje &#916; diegochemes@gmail.com(0054) 11 6460 7997<\/p>\n","protected":false},"author":1,"featured_media":0,"parent":0,"menu_order":3,"comment_status":"closed","ping_status":"closed","template":"","meta":{"footnotes":""},"class_list":["post-9","page","type-page","status-publish","hentry"],"yoast_head":"<!-- This site is optimized with the Yoast SEO plugin v26.8 - https:\/\/yoast.com\/product\/yoast-seo-wordpress\/ -->\n<title>Contacto<\/title>\n<meta name=\"description\" content=\"Diego Chemes (Buenos Aires, Argentina, en 1969) es un artista multifac\u00e9tico que trabaja en el cruce de lenguajes; pintura, pintura digital, instalaci\u00f3n, video, vj, el dise\u00f1o gr\u00e1fico y la m\u00fasica.\" \/>\n<meta name=\"robots\" content=\"index, follow, max-snippet:-1, max-image-preview:large, max-video-preview:-1\" \/>\n<link rel=\"canonical\" href=\"https:\/\/diegochemes.com.ar\/w\/contact\/\" \/>\n<meta property=\"og:locale\" content=\"es_ES\" \/>\n<meta property=\"og:type\" content=\"article\" \/>\n<meta property=\"og:title\" content=\"Contacto\" \/>\n<meta property=\"og:description\" content=\"Diego Chemes (Buenos Aires, Argentina, en 1969) es un artista multifac\u00e9tico que trabaja en el cruce de lenguajes; pintura, pintura digital, instalaci\u00f3n, video, vj, el dise\u00f1o gr\u00e1fico y la m\u00fasica.\" \/>\n<meta property=\"og:url\" content=\"https:\/\/diegochemes.com.ar\/w\/contact\/\" \/>\n<meta property=\"og:site_name\" content=\"Diego Chemes\" \/>\n<meta property=\"article:modified_time\" content=\"2023-06-14T22:54:53+00:00\" \/>\n<meta name=\"twitter:card\" content=\"summary_large_image\" \/>\n<meta name=\"twitter:label1\" content=\"Tiempo de lectura\" \/>\n\t<meta name=\"twitter:data1\" content=\"1 minuto\" \/>\n<script type=\"application\/ld+json\" class=\"yoast-schema-graph\">{\"@context\":\"https:\/\/schema.org\",\"@graph\":[{\"@type\":\"WebPage\",\"@id\":\"https:\/\/diegochemes.com.ar\/w\/contact\/\",\"url\":\"https:\/\/diegochemes.com.ar\/w\/contact\/\",\"name\":\"Contacto\",\"isPartOf\":{\"@id\":\"https:\/\/diegochemes.com.ar\/w\/#website\"},\"datePublished\":\"2016-07-21T21:46:00+00:00\",\"dateModified\":\"2023-06-14T22:54:53+00:00\",\"description\":\"Diego Chemes (Buenos Aires, Argentina, en 1969) es un artista multifac\u00e9tico que trabaja en el cruce de lenguajes; pintura, pintura digital, instalaci\u00f3n, video, vj, el dise\u00f1o gr\u00e1fico y la m\u00fasica.\",\"breadcrumb\":{\"@id\":\"https:\/\/diegochemes.com.ar\/w\/contact\/#breadcrumb\"},\"inLanguage\":\"es\",\"potentialAction\":[{\"@type\":\"ReadAction\",\"target\":[\"https:\/\/diegochemes.com.ar\/w\/contact\/\"]}]},{\"@type\":\"BreadcrumbList\",\"@id\":\"https:\/\/diegochemes.com.ar\/w\/contact\/#breadcrumb\",\"itemListElement\":[{\"@type\":\"ListItem\",\"position\":1,\"name\":\"Portada\",\"item\":\"https:\/\/diegochemes.com.ar\/w\/\"},{\"@type\":\"ListItem\",\"position\":2,\"name\":\"Contacto\"}]},{\"@type\":\"WebSite\",\"@id\":\"https:\/\/diegochemes.com.ar\/w\/#website\",\"url\":\"https:\/\/diegochemes.com.ar\/w\/\",\"name\":\"Diego Chemes\",\"description\":\"\",\"publisher\":{\"@id\":\"https:\/\/diegochemes.com.ar\/w\/#\/schema\/person\/0ab5f7fe5fad29108e028982c3427611\"},\"potentialAction\":[{\"@type\":\"SearchAction\",\"target\":{\"@type\":\"EntryPoint\",\"urlTemplate\":\"https:\/\/diegochemes.com.ar\/w\/?s={search_term_string}\"},\"query-input\":{\"@type\":\"PropertyValueSpecification\",\"valueRequired\":true,\"valueName\":\"search_term_string\"}}],\"inLanguage\":\"es\"},{\"@type\":[\"Person\",\"Organization\"],\"@id\":\"https:\/\/diegochemes.com.ar\/w\/#\/schema\/person\/0ab5f7fe5fad29108e028982c3427611\",\"name\":\"Diego Chemes\",\"image\":{\"@type\":\"ImageObject\",\"inLanguage\":\"es\",\"@id\":\"https:\/\/diegochemes.com.ar\/w\/#\/schema\/person\/image\/\",\"url\":\"https:\/\/diegochemes.com.ar\/w\/wp-content\/uploads\/2021\/12\/icon-1.jpg\",\"contentUrl\":\"https:\/\/diegochemes.com.ar\/w\/wp-content\/uploads\/2021\/12\/icon-1.jpg\",\"width\":713,\"height\":900,\"caption\":\"Diego Chemes\"},\"logo\":{\"@id\":\"https:\/\/diegochemes.com.ar\/w\/#\/schema\/person\/image\/\"},\"sameAs\":[\"http:\/\/diegochemes.com.ar\"]}]}<\/script>\n<!-- \/ Yoast SEO plugin. -->","yoast_head_json":{"title":"Contacto","description":"Diego Chemes (Buenos Aires, Argentina, en 1969) es un artista multifac\u00e9tico que trabaja en el cruce de lenguajes; pintura, pintura digital, instalaci\u00f3n, video, vj, el dise\u00f1o gr\u00e1fico y la m\u00fasica.","robots":{"index":"index","follow":"follow","max-snippet":"max-snippet:-1","max-image-preview":"max-image-preview:large","max-video-preview":"max-video-preview:-1"},"canonical":"https:\/\/diegochemes.com.ar\/w\/contact\/","og_locale":"es_ES","og_type":"article","og_title":"Contacto","og_description":"Diego Chemes (Buenos Aires, Argentina, en 1969) es un artista multifac\u00e9tico que trabaja en el cruce de lenguajes; pintura, pintura digital, instalaci\u00f3n, video, vj, el dise\u00f1o gr\u00e1fico y la m\u00fasica.","og_url":"https:\/\/diegochemes.com.ar\/w\/contact\/","og_site_name":"Diego Chemes","article_modified_time":"2023-06-14T22:54:53+00:00","twitter_card":"summary_large_image","twitter_misc":{"Tiempo de lectura":"1 minuto"},"schema":{"@context":"https:\/\/schema.org","@graph":[{"@type":"WebPage","@id":"https:\/\/diegochemes.com.ar\/w\/contact\/","url":"https:\/\/diegochemes.com.ar\/w\/contact\/","name":"Contacto","isPartOf":{"@id":"https:\/\/diegochemes.com.ar\/w\/#website"},"datePublished":"2016-07-21T21:46:00+00:00","dateModified":"2023-06-14T22:54:53+00:00","description":"Diego Chemes (Buenos Aires, Argentina, en 1969) es un artista multifac\u00e9tico que trabaja en el cruce de lenguajes; pintura, pintura digital, instalaci\u00f3n, video, vj, el dise\u00f1o gr\u00e1fico y la m\u00fasica.","breadcrumb":{"@id":"https:\/\/diegochemes.com.ar\/w\/contact\/#breadcrumb"},"inLanguage":"es","potentialAction":[{"@type":"ReadAction","target":["https:\/\/diegochemes.com.ar\/w\/contact\/"]}]},{"@type":"BreadcrumbList","@id":"https:\/\/diegochemes.com.ar\/w\/contact\/#breadcrumb","itemListElement":[{"@type":"ListItem","position":1,"name":"Portada","item":"https:\/\/diegochemes.com.ar\/w\/"},{"@type":"ListItem","position":2,"name":"Contacto"}]},{"@type":"WebSite","@id":"https:\/\/diegochemes.com.ar\/w\/#website","url":"https:\/\/diegochemes.com.ar\/w\/","name":"Diego Chemes","description":"","publisher":{"@id":"https:\/\/diegochemes.com.ar\/w\/#\/schema\/person\/0ab5f7fe5fad29108e028982c3427611"},"potentialAction":[{"@type":"SearchAction","target":{"@type":"EntryPoint","urlTemplate":"https:\/\/diegochemes.com.ar\/w\/?s={search_term_string}"},"query-input":{"@type":"PropertyValueSpecification","valueRequired":true,"valueName":"search_term_string"}}],"inLanguage":"es"},{"@type":["Person","Organization"],"@id":"https:\/\/diegochemes.com.ar\/w\/#\/schema\/person\/0ab5f7fe5fad29108e028982c3427611","name":"Diego Chemes","image":{"@type":"ImageObject","inLanguage":"es","@id":"https:\/\/diegochemes.com.ar\/w\/#\/schema\/person\/image\/","url":"https:\/\/diegochemes.com.ar\/w\/wp-content\/uploads\/2021\/12\/icon-1.jpg","contentUrl":"https:\/\/diegochemes.com.ar\/w\/wp-content\/uploads\/2021\/12\/icon-1.jpg","width":713,"height":900,"caption":"Diego Chemes"},"logo":{"@id":"https:\/\/diegochemes.com.ar\/w\/#\/schema\/person\/image\/"},"sameAs":["http:\/\/diegochemes.com.ar"]}]}},"_links":{"self":[{"href":"https:\/\/diegochemes.com.ar\/w\/wp-json\/wp\/v2\/pages\/9","targetHints":{"allow":["GET"]}}],"collection":[{"href":"https:\/\/diegochemes.com.ar\/w\/wp-json\/wp\/v2\/pages"}],"about":[{"href":"https:\/\/diegochemes.com.ar\/w\/wp-json\/wp\/v2\/types\/page"}],"author":[{"embeddable":true,"href":"https:\/\/diegochemes.com.ar\/w\/wp-json\/wp\/v2\/users\/1"}],"replies":[{"embeddable":true,"href":"https:\/\/diegochemes.com.ar\/w\/wp-json\/wp\/v2\/comments?post=9"}],"version-history":[{"count":29,"href":"https:\/\/diegochemes.com.ar\/w\/wp-json\/wp\/v2\/pages\/9\/revisions"}],"predecessor-version":[{"id":3078,"href":"https:\/\/diegochemes.com.ar\/w\/wp-json\/wp\/v2\/pages\/9\/revisions\/3078"}],"wp:attachment":[{"href":"https:\/\/diegochemes.com.ar\/w\/wp-json\/wp\/v2\/media?parent=9"}],"curies":[{"name":"wp","href":"https:\/\/api.w.org\/{rel}","templated":true}]}}